{"id":942,"date":"2024-10-21T02:21:04","date_gmt":"2024-10-21T09:21:04","guid":{"rendered":"https:\/\/alfredososa.art\/?page_id=942"},"modified":"2024-10-21T02:23:44","modified_gmt":"2024-10-21T09:23:44","slug":"politicas-de-privacidad","status":"publish","type":"page","link":"https:\/\/alfredososa.art\/en\/politicas-de-privacidad\/","title":{"rendered":"Privacy Policy"},"content":{"rendered":"<h2 class=\"wp-block-heading has-medium-font-size\">Who are we<\/h2>\n\n\n\n<p>This is a Web site developed to disseminate the plastic work of the artist Alfredo Sosa.<\/p>\n\n\n\n<p>The Web address is https:\/\/alfredososa.art<\/p>\n\n\n\n<h2 class=\"wp-block-heading has-medium-font-size\">Comments<\/h2>\n\n\n\n<p>When visitors leave comments on the site, we collect the data displayed in the comment form, as well as the visitor's IP address and browser user agent string to assist in spam detection.<\/p>\n\n\n\n<p>An anonymous string created from your email address (also called a hash) can be provided to the Gravatar service to see if you are using it. The privacy policy of the Gravatar service is available here: https:\/\/automattic.com\/privacy\/. After approval of your comment, your profile image is visible to the public in the context of your comment.<\/p>\n\n\n\n<h2 class=\"wp-block-heading has-medium-font-size\">Media<\/h2>\n\n\n\n<p>If you upload images to the web you should avoid uploading images with location data (GPS EXIF) included. Website visitors can download and extract any location data from the images on the website.<\/p>\n\n\n\n<h2 class=\"wp-block-heading has-medium-font-size\">Cookies<\/h2>\n\n\n\n<p>If you leave a comment on our site you can choose to save your name, email address and website in cookies. This is for your convenience, so you don't have to fill in your details again when you leave another comment. These cookies will last for one year.<\/p>\n\n\n\n<p>If you have an account and log in to this site, we will set a temporary cookie to determine whether your browser accepts cookies. This cookie does not contain any personal data and is deleted when you close your browser.<\/p>\n\n\n\n<p>When you log in, we will also set several cookies to store your login information and your screen display options. Login cookies last for two days, and display options cookies last for one year. If you select \u201cRemember me\u201d, your login will last for two weeks. If you log out of your account, your login cookies will be deleted.<\/p>\n\n\n\n<p>If you edit or publish an article an additional cookie will be stored in your browser. This cookie does not include personal data and simply indicates the ID of the article you have just edited. It expires after 1 day.<\/p>\n\n\n\n<h2 class=\"wp-block-heading has-medium-font-size\">Embedded content from other websites<\/h2>\n\n\n\n<p>Articles on this site may include embedded content (e.g., videos, images, articles, etc.). <strong>Embedded content from other websites behaves in exactly the same way as if the visitor had visited the other website.<\/strong><\/p>\n\n\n\n<p>These sites may collect data about you, use cookies, embed additional third-party tracking, and monitor your interaction with that embedded content, including tracking your interaction with the embedded content if you have an account and are logged into that site.<\/p>\n\n\n\n<h2 class=\"wp-block-heading has-medium-font-size\">With whom we share your data<\/h2>\n\n\n\n<p>If you request a password reset, <strong>your IP address will be included in the reset email<\/strong>iento.<\/p>\n\n\n\n<h2 class=\"wp-block-heading has-medium-font-size\">How long we keep your data<\/h2>\n\n\n\n<p>If you leave a comment, the comment and <strong>your metadata is retained indefinitely<\/strong>. This is so that we can recognize and approve successive comments automatically instead of keeping them in a moderation queue.<\/p>\n\n\n\n<p>For users who register on our website (if any), we also store the personal information they provide in their user profile. <strong>All users can view, edit or delete their personal information at any time. <\/strong>(except that they cannot change their username). Web administrators can also view and edit this information.<\/p>\n\n\n\n<h2 class=\"wp-block-heading has-medium-font-size\">What rights do you have over your data<\/h2>\n\n\n\n<p>If you have an account or have left comments on this website, you may request to receive an export file of the personal data we hold about you, including any data you have provided to us. Also <strong>you can request that we delete any personal information we have about you.<\/strong> This does not include any data that we are required to retain for administrative, legal or security purposes.<\/p>\n\n\n\n<h2 class=\"wp-block-heading has-medium-font-size\">Where your data is sent<\/h2>\n\n\n\n<p>Visitors' comments <strong>may be checked by an automatic spam detection service.<\/strong><\/p>","protected":false},"excerpt":{"rendered":"<p>Qui\u00e9nes somos Este es un sitio Web elaborado para dar difusi\u00f3n a la obra pl\u00e1stica del artista Alfredo Sosa. La direcci\u00f3n Web es https:\/\/alfredososa.art Comentarios Cuando los visitantes dejan comentarios en la web, recopilamos los datos que se muestran en el formulario de comentarios, as\u00ed como la direcci\u00f3n IP del visitante y la cadena de [&hellip;]<\/p>\n","protected":false},"author":2,"featured_media":0,"parent":0,"menu_order":0,"comment_status":"closed","ping_status":"closed","template":"","meta":{"_vp_format_video_url":"","_vp_image_focal_point":[],"footnotes":""},"class_list":["post-942","page","type-page","status-publish","hentry"],"blocksy_meta":[],"yoast_head":"<!-- This site is optimized with the Yoast SEO plugin v27.5 - https:\/\/yoast.com\/product\/yoast-seo-wordpress\/ -->\n<title>Pol\u00edticas de Privacidad - AlfredoSosa.Art<\/title>\n<meta name=\"robots\" content=\"index, follow, max-snippet:-1, max-image-preview:large, max-video-preview:-1\" \/>\n<link rel=\"canonical\" href=\"https:\/\/alfredososa.art\/en\/politicas-de-privacidad\/\" \/>\n<meta property=\"og:locale\" content=\"en_US\" \/>\n<meta property=\"og:type\" content=\"article\" \/>\n<meta property=\"og:title\" content=\"Pol\u00edticas de Privacidad - AlfredoSosa.Art\" \/>\n<meta property=\"og:description\" content=\"Qui\u00e9nes somos Este es un sitio Web elaborado para dar difusi\u00f3n a la obra pl\u00e1stica del artista Alfredo Sosa. La direcci\u00f3n Web es https:\/\/alfredososa.art Comentarios Cuando los visitantes dejan comentarios en la web, recopilamos los datos que se muestran en el formulario de comentarios, as\u00ed como la direcci\u00f3n IP del visitante y la cadena de [&hellip;]\" \/>\n<meta property=\"og:url\" content=\"https:\/\/alfredososa.art\/en\/politicas-de-privacidad\/\" \/>\n<meta property=\"og:site_name\" content=\"AlfredoSosa.Art\" \/>\n<meta property=\"article:modified_time\" content=\"2024-10-21T09:23:44+00:00\" \/>\n<meta name=\"twitter:card\" content=\"summary_large_image\" \/>\n<meta name=\"twitter:label1\" content=\"Est. reading time\" \/>\n\t<meta name=\"twitter:data1\" content=\"3 minutes\" \/>\n<script type=\"application\/ld+json\" class=\"yoast-schema-graph\">{\"@context\":\"https:\\\/\\\/schema.org\",\"@graph\":[{\"@type\":\"WebPage\",\"@id\":\"https:\\\/\\\/alfredososa.art\\\/politicas-de-privacidad\\\/\",\"url\":\"https:\\\/\\\/alfredososa.art\\\/politicas-de-privacidad\\\/\",\"name\":\"Pol\u00edticas de Privacidad - AlfredoSosa.Art\",\"isPartOf\":{\"@id\":\"https:\\\/\\\/alfredososa.art\\\/#website\"},\"datePublished\":\"2024-10-21T09:21:04+00:00\",\"dateModified\":\"2024-10-21T09:23:44+00:00\",\"breadcrumb\":{\"@id\":\"https:\\\/\\\/alfredososa.art\\\/politicas-de-privacidad\\\/#breadcrumb\"},\"inLanguage\":\"en-US\",\"potentialAction\":[{\"@type\":\"ReadAction\",\"target\":[\"https:\\\/\\\/alfredososa.art\\\/politicas-de-privacidad\\\/\"]}]},{\"@type\":\"BreadcrumbList\",\"@id\":\"https:\\\/\\\/alfredososa.art\\\/politicas-de-privacidad\\\/#breadcrumb\",\"itemListElement\":[{\"@type\":\"ListItem\",\"position\":1,\"name\":\"Portada\",\"item\":\"https:\\\/\\\/alfredososa.art\\\/\"},{\"@type\":\"ListItem\",\"position\":2,\"name\":\"Pol\u00edticas de Privacidad\"}]},{\"@type\":\"WebSite\",\"@id\":\"https:\\\/\\\/alfredososa.art\\\/#website\",\"url\":\"https:\\\/\\\/alfredososa.art\\\/\",\"name\":\"AlfresoSosa.Art\",\"description\":\"Sitio Web del Artista Alfredo Sosa\",\"publisher\":{\"@id\":\"https:\\\/\\\/alfredososa.art\\\/#\\\/schema\\\/person\\\/a6f2f945e1a4090770d148bcedf155ac\"},\"alternateName\":\"AlfresoSosa.Art\",\"potentialAction\":[{\"@type\":\"SearchAction\",\"target\":{\"@type\":\"EntryPoint\",\"urlTemplate\":\"https:\\\/\\\/alfredososa.art\\\/?s={search_term_string}\"},\"query-input\":{\"@type\":\"PropertyValueSpecification\",\"valueRequired\":true,\"valueName\":\"search_term_string\"}}],\"inLanguage\":\"en-US\"},{\"@type\":[\"Person\",\"Organization\"],\"@id\":\"https:\\\/\\\/alfredososa.art\\\/#\\\/schema\\\/person\\\/a6f2f945e1a4090770d148bcedf155ac\",\"name\":\"Maestre Maximus\",\"image\":{\"@type\":\"ImageObject\",\"inLanguage\":\"en-US\",\"@id\":\"https:\\\/\\\/alfredososa.art\\\/wp-content\\\/litespeed\\\/avatar\\\/820b94769887ee38fb6dc2cf583cc674.jpg?ver=1777911985\",\"url\":\"https:\\\/\\\/alfredososa.art\\\/wp-content\\\/litespeed\\\/avatar\\\/820b94769887ee38fb6dc2cf583cc674.jpg?ver=1777911985\",\"contentUrl\":\"https:\\\/\\\/alfredososa.art\\\/wp-content\\\/litespeed\\\/avatar\\\/820b94769887ee38fb6dc2cf583cc674.jpg?ver=1777911985\",\"caption\":\"Maestre Maximus\"},\"logo\":{\"@id\":\"https:\\\/\\\/alfredososa.art\\\/wp-content\\\/litespeed\\\/avatar\\\/820b94769887ee38fb6dc2cf583cc674.jpg?ver=1777911985\"}}]}<\/script>\n<!-- \/ Yoast SEO plugin. -->","yoast_head_json":{"title":"Pol\u00edticas de Privacidad - AlfredoSosa.Art","robots":{"index":"index","follow":"follow","max-snippet":"max-snippet:-1","max-image-preview":"max-image-preview:large","max-video-preview":"max-video-preview:-1"},"canonical":"https:\/\/alfredososa.art\/en\/politicas-de-privacidad\/","og_locale":"en_US","og_type":"article","og_title":"Pol\u00edticas de Privacidad - AlfredoSosa.Art","og_description":"Qui\u00e9nes somos Este es un sitio Web elaborado para dar difusi\u00f3n a la obra pl\u00e1stica del artista Alfredo Sosa. La direcci\u00f3n Web es https:\/\/alfredososa.art Comentarios Cuando los visitantes dejan comentarios en la web, recopilamos los datos que se muestran en el formulario de comentarios, as\u00ed como la direcci\u00f3n IP del visitante y la cadena de [&hellip;]","og_url":"https:\/\/alfredososa.art\/en\/politicas-de-privacidad\/","og_site_name":"AlfredoSosa.Art","article_modified_time":"2024-10-21T09:23:44+00:00","twitter_card":"summary_large_image","twitter_misc":{"Est. reading time":"3 minutes"},"schema":{"@context":"https:\/\/schema.org","@graph":[{"@type":"WebPage","@id":"https:\/\/alfredososa.art\/politicas-de-privacidad\/","url":"https:\/\/alfredososa.art\/politicas-de-privacidad\/","name":"Pol\u00edticas de Privacidad - AlfredoSosa.Art","isPartOf":{"@id":"https:\/\/alfredososa.art\/#website"},"datePublished":"2024-10-21T09:21:04+00:00","dateModified":"2024-10-21T09:23:44+00:00","breadcrumb":{"@id":"https:\/\/alfredososa.art\/politicas-de-privacidad\/#breadcrumb"},"inLanguage":"en-US","potentialAction":[{"@type":"ReadAction","target":["https:\/\/alfredososa.art\/politicas-de-privacidad\/"]}]},{"@type":"BreadcrumbList","@id":"https:\/\/alfredososa.art\/politicas-de-privacidad\/#breadcrumb","itemListElement":[{"@type":"ListItem","position":1,"name":"Portada","item":"https:\/\/alfredososa.art\/"},{"@type":"ListItem","position":2,"name":"Pol\u00edticas de Privacidad"}]},{"@type":"WebSite","@id":"https:\/\/alfredososa.art\/#website","url":"https:\/\/alfredososa.art\/","name":"AlfresoSosa.Art","description":"Sitio Web del Artista Alfredo Sosa","publisher":{"@id":"https:\/\/alfredososa.art\/#\/schema\/person\/a6f2f945e1a4090770d148bcedf155ac"},"alternateName":"AlfresoSosa.Art","potentialAction":[{"@type":"SearchAction","target":{"@type":"EntryPoint","urlTemplate":"https:\/\/alfredososa.art\/?s={search_term_string}"},"query-input":{"@type":"PropertyValueSpecification","valueRequired":true,"valueName":"search_term_string"}}],"inLanguage":"en-US"},{"@type":["Person","Organization"],"@id":"https:\/\/alfredososa.art\/#\/schema\/person\/a6f2f945e1a4090770d148bcedf155ac","name":"Maestre Maximus","image":{"@type":"ImageObject","inLanguage":"en-US","@id":"https:\/\/alfredososa.art\/wp-content\/litespeed\/avatar\/820b94769887ee38fb6dc2cf583cc674.jpg?ver=1777911985","url":"https:\/\/alfredososa.art\/wp-content\/litespeed\/avatar\/820b94769887ee38fb6dc2cf583cc674.jpg?ver=1777911985","contentUrl":"https:\/\/alfredososa.art\/wp-content\/litespeed\/avatar\/820b94769887ee38fb6dc2cf583cc674.jpg?ver=1777911985","caption":"Maestre Maximus"},"logo":{"@id":"https:\/\/alfredososa.art\/wp-content\/litespeed\/avatar\/820b94769887ee38fb6dc2cf583cc674.jpg?ver=1777911985"}}]}},"_links":{"self":[{"href":"https:\/\/alfredososa.art\/en\/wp-json\/wp\/v2\/pages\/942","targetHints":{"allow":["GET"]}}],"collection":[{"href":"https:\/\/alfredososa.art\/en\/wp-json\/wp\/v2\/pages"}],"about":[{"href":"https:\/\/alfredososa.art\/en\/wp-json\/wp\/v2\/types\/page"}],"author":[{"embeddable":true,"href":"https:\/\/alfredososa.art\/en\/wp-json\/wp\/v2\/users\/2"}],"replies":[{"embeddable":true,"href":"https:\/\/alfredososa.art\/en\/wp-json\/wp\/v2\/comments?post=942"}],"version-history":[{"count":3,"href":"https:\/\/alfredososa.art\/en\/wp-json\/wp\/v2\/pages\/942\/revisions"}],"predecessor-version":[{"id":946,"href":"https:\/\/alfredososa.art\/en\/wp-json\/wp\/v2\/pages\/942\/revisions\/946"}],"wp:attachment":[{"href":"https:\/\/alfredososa.art\/en\/wp-json\/wp\/v2\/media?parent=942"}],"curies":[{"name":"wp","href":"https:\/\/api.w.org\/{rel}","templated":true}]}}