{"id":37,"date":"2018-05-04T22:25:11","date_gmt":"2018-05-04T22:25:11","guid":{"rendered":"http:\/\/sosaart.com\/?page_id=37"},"modified":"2026-04-11T09:07:52","modified_gmt":"2026-04-11T16:07:52","slug":"alfredo-sosa","status":"publish","type":"page","link":"https:\/\/alfredososa.art\/en\/","title":{"rendered":"Home"},"content":{"rendered":"<div class=\"wp-block-stackable-columns alignfull stk-block-columns stk-block stk-586ce14 stk-block-background\" data-block-id=\"586ce14\"><style>.stk-586ce14 {background-color:#f9cd00 !important;background-position:center center !important;background-repeat:no-repeat !important;background-size:contain !important;margin-bottom:0px !important;}.stk-586ce14:before{background-color:#f9cd00 !important;}<\/style><div class=\"stk-row stk-inner-blocks stk-block-content stk-content-align stk-586ce14-column\">\n<div class=\"wp-block-stackable-column stk-block-column stk-column stk-block stk-456b86c\" data-v=\"4\" data-block-id=\"456b86c\"><div class=\"stk-column-wrapper stk-block-column__content stk-container stk-456b86c-container stk--no-background stk--no-padding\"><div class=\"stk-block-content stk-inner-blocks stk-456b86c-inner-blocks\">\n<div class=\"wp-block-stackable-spacer stk-block-spacer stk--no-padding stk-block stk-1337b2c\" data-block-id=\"1337b2c\"><style>.stk-1337b2c {height:24px !important;}<\/style><\/div>\n\n\n\n<div class=\"wp-block-stackable-image stk-block-image stk-block stk-c156b29\" data-block-id=\"c156b29\"><style>.stk-c156b29 {border-style:solid !important;border-top-width:3px !important;border-right-width:3px !important;border-bottom-width:3px !important;border-left-width:3px !important;margin-bottom:60px !important;}.stk-c156b29 .stk-img-wrapper{width:100% !important;}@media screen and (max-width:689px){.stk-c156b29 {border-top-width:2px !important;border-right-width:2px !important;border-bottom-width:2px !important;border-left-width:2px !important;}}<\/style><figure><span class=\"stk-img-wrapper stk-image--shape-stretch\"><noscript><img loading=\"lazy\" decoding=\"async\" class=\"stk-img wp-image-1433\" data-skip-lazy src=\"https:\/\/alfredososa.art\/wp-content\/uploads\/2025\/02\/cropped-Portada2.jpg\" width=\"512\" height=\"512\" alt=\"Alfredo Sosa | Portada\" srcset=\"https:\/\/alfredososa.art\/wp-content\/uploads\/2025\/02\/cropped-Portada2.jpg 512w, https:\/\/alfredososa.art\/wp-content\/uploads\/2025\/02\/cropped-Portada2-300x300.jpg 300w, https:\/\/alfredososa.art\/wp-content\/uploads\/2025\/02\/cropped-Portada2-150x150.jpg 150w, https:\/\/alfredososa.art\/wp-content\/uploads\/2025\/02\/cropped-Portada2-12x12.jpg 12w, https:\/\/alfredososa.art\/wp-content\/uploads\/2025\/02\/cropped-Portada2-500x500.jpg 500w, https:\/\/alfredososa.art\/wp-content\/uploads\/2025\/02\/cropped-Portada2-270x270.jpg 270w, https:\/\/alfredososa.art\/wp-content\/uploads\/2025\/02\/cropped-Portada2-192x192.jpg 192w, https:\/\/alfredososa.art\/wp-content\/uploads\/2025\/02\/cropped-Portada2-180x180.jpg 180w, https:\/\/alfredososa.art\/wp-content\/uploads\/2025\/02\/cropped-Portada2-32x32.jpg 32w\" sizes=\"auto, (max-width: 512px) 100vw, 512px\" \/><\/noscript><img loading=\"eager\" decoding=\"async\" class=\"stk-img wp-image-1433 vp-lazyload\" src=\"https:\/\/alfredososa.art\/wp-content\/uploads\/2025\/02\/cropped-Portada2.jpg\" width=\"512\" height=\"512\" alt=\"Alfredo Sosa | Portada\" srcset=\"data:image\/svg+xml;base64,PHN2ZyB3aWR0aD0iNTEyIiBoZWlnaHQ9IjUxMiIgdmlld0JveD0iMCAwIDUxMiA1MTIiIGZpbGw9Im5vbmUiIHhtbG5zPSJodHRwOi8vd3d3LnczLm9yZy8yMDAwL3N2ZyI+PC9zdmc+\" data-src=\"https:\/\/alfredososa.art\/wp-content\/uploads\/2025\/02\/cropped-Portada2.jpg\" data-srcset=\"https:\/\/alfredososa.art\/wp-content\/uploads\/2025\/02\/cropped-Portada2.jpg 512w, https:\/\/alfredososa.art\/wp-content\/uploads\/2025\/02\/cropped-Portada2-300x300.jpg 300w, https:\/\/alfredososa.art\/wp-content\/uploads\/2025\/02\/cropped-Portada2-150x150.jpg 150w, https:\/\/alfredososa.art\/wp-content\/uploads\/2025\/02\/cropped-Portada2-12x12.jpg 12w, https:\/\/alfredososa.art\/wp-content\/uploads\/2025\/02\/cropped-Portada2-500x500.jpg 500w, https:\/\/alfredososa.art\/wp-content\/uploads\/2025\/02\/cropped-Portada2-270x270.jpg 270w, https:\/\/alfredososa.art\/wp-content\/uploads\/2025\/02\/cropped-Portada2-192x192.jpg 192w, https:\/\/alfredososa.art\/wp-content\/uploads\/2025\/02\/cropped-Portada2-180x180.jpg 180w, https:\/\/alfredososa.art\/wp-content\/uploads\/2025\/02\/cropped-Portada2-32x32.jpg 32w\" data-sizes=\"auto\"><\/span><\/figure><\/div>\n\n\n\n<div class=\"wp-block-stackable-spacer stk-block-spacer stk--no-padding stk-block stk-a13681a\" data-block-id=\"a13681a\"><style>.stk-a13681a {height:50px !important;}@media screen and (max-width:689px){.stk-a13681a {height:35px !important;}}<\/style><\/div>\n\n\n\n<div class=\"wp-block-stackable-button-group stk-block-button-group stk-block stk-e85bc53\" data-block-id=\"e85bc53\"><style>@media screen and (max-width:689px){.stk-e85bc53 .stk-button-group{flex-direction:column !important;align-items:center !important;}.stk-e85bc53 .stk-block{flex-basis:auto !important;}.stk-e85bc53 {margin-right:auto !important;margin-left:auto !important;}}<\/style><div class=\"stk-row stk-inner-blocks has-text-align-center-mobile stk-block-content stk-button-group\">\n<div class=\"wp-block-stackable-button stk-block-button stk-block stk-abf390c\" data-block-id=\"abf390c\"><style>.stk-abf390c , .stk-abf390c .stk-button{width:100% !important;}.stk-abf390c {flex:1 0 var(--stk-button-group-flex-wrap, 0) !important;}.stk-abf390c .stk-button{background:#eb5469 !important;}.stk-abf390c .stk-button:hover:after{background:#000000 !important;opacity:1 !important;}.stk-abf390c .stk-button__inner-text{font-size:20px !important;color:var(--theme-palette-color-8, #ffffff) !important;letter-spacing:1px !important;}@media screen and (max-width:999px){.stk-abf390c .stk-button__inner-text{font-size:20px !important;}}<\/style><a class=\"stk-link stk-button stk--hover-effect-darken\" href=\"https:\/\/alfredososa.art\/en\/biografia\/\"><span class=\"has-text-color stk-button__inner-text\">Biography<\/span><\/a><\/div>\n\n\n\n<div class=\"wp-block-stackable-button stk-block-button stk-block stk-0dc8ee7\" data-block-id=\"0dc8ee7\"><style>.stk-0dc8ee7 , .stk-0dc8ee7 .stk-button{width:100% !important;}.stk-0dc8ee7 {flex:1 0 var(--stk-button-group-flex-wrap, 0) !important;}.stk-0dc8ee7 .stk-button{background:#eb5469 !important;}.stk-0dc8ee7 .stk-button:hover:after{background:#000000 !important;opacity:1 !important;}.stk-0dc8ee7 .stk-button__inner-text{font-size:20px !important;color:var(--theme-palette-color-8, #ffffff) !important;letter-spacing:1px !important;}@media screen and (max-width:999px){.stk-0dc8ee7 .stk-button__inner-text{font-size:20px !important;}}<\/style><a class=\"stk-link stk-button stk--hover-effect-darken\" href=\"https:\/\/alfredososa.art\/en\/manifiesto\/\"><span class=\"has-text-color stk-button__inner-text\">Artistic Manifesto<\/span><\/a><\/div>\n\n\n\n<div class=\"wp-block-stackable-button stk-block-button stk-block stk-968d39e\" data-block-id=\"968d39e\"><style>.stk-968d39e , .stk-968d39e .stk-button{width:100% !important;}.stk-968d39e {flex:1 0 var(--stk-button-group-flex-wrap, 0) !important;}.stk-968d39e .stk-button{background:#eb5469 !important;}.stk-968d39e .stk-button:hover:after{background:#000000 !important;opacity:1 !important;}.stk-968d39e .stk-button__inner-text{font-size:20px !important;color:var(--theme-palette-color-8, #ffffff) !important;letter-spacing:1px !important;}@media screen and (max-width:999px){.stk-968d39e .stk-button__inner-text{font-size:20px !important;}}<\/style><a class=\"stk-link stk-button stk--hover-effect-darken\" href=\"https:\/\/alfredososa.art\/en\/exhibiciones\/\"><span class=\"has-text-color stk-button__inner-text\">Exhibits<\/span><\/a><\/div>\n\n\n\n<div class=\"wp-block-stackable-button stk-block-button stk-block stk-ad2cb23\" data-block-id=\"ad2cb23\"><style>.stk-ad2cb23 , .stk-ad2cb23 .stk-button{width:100% !important;}.stk-ad2cb23 {flex:1 0 var(--stk-button-group-flex-wrap, 0) !important;}.stk-ad2cb23 .stk-button{background:#eb5469 !important;}.stk-ad2cb23 .stk-button:hover:after{background:#000000 !important;opacity:1 !important;}.stk-ad2cb23 .stk-button__inner-text{font-size:20px !important;color:var(--theme-palette-color-8, #ffffff) !important;letter-spacing:1px !important;}@media screen and (max-width:999px){.stk-ad2cb23 .stk-button__inner-text{font-size:20px !important;}}<\/style><a class=\"stk-link stk-button stk--hover-effect-darken\" href=\"https:\/\/alfredososa.art\/en\/galeria\/\"><span class=\"has-text-color stk-button__inner-text\">Gallery<\/span><\/a><\/div>\n<\/div><\/div>\n\n\n\n<div class=\"wp-block-stackable-spacer stk-block-spacer stk--no-padding stk-block stk-46f94e7\" data-block-id=\"46f94e7\"><style>.stk-46f94e7 {height:81px !important;}@media screen and (max-width:689px){.stk-46f94e7 {height:35px !important;}}<\/style><\/div>\n\n\n\n<div class=\"wp-block-stackable-columns stk-block-columns stk-block stk-bdc9053\" data-block-id=\"bdc9053\"><style>.stk-bdc9053 {margin-bottom:0px !important;}<\/style><div class=\"stk-row stk-inner-blocks stk-block-content stk-content-align stk-bdc9053-column\">\n<div class=\"wp-block-stackable-column stk-block-column stk-column stk-block stk-026b648 stk-block-background\" data-v=\"4\" data-block-id=\"026b648\"><div class=\"stk-column-wrapper stk-block-column__content stk-container stk-026b648-container stk--no-background stk--no-padding\"><div class=\"stk-block-content stk-inner-blocks stk-026b648-inner-blocks\">\n<div class=\"wp-block-stackable-text stk-block-text stk-block stk-d2d6d1b\" data-block-id=\"d2d6d1b\"><style>.stk-d2d6d1b {margin-bottom:0px !important;}<\/style><p class=\"stk-block-text__text has-text-align-center\"><strong>March 2026<\/strong><\/p><\/div>\n\n\n\n<div class=\"wp-block-stackable-heading stk-block-heading stk-block-heading--v2 stk-block stk-e0ee7d4\" id=\"mente-uerpo-y-espiritu\" data-block-id=\"e0ee7d4\"><style>.stk-e0ee7d4 {margin-bottom:0px !important;}.stk-e0ee7d4 .stk-block-heading__text{font-weight:300 !important;font-style:normal !important;font-family:system-ui, sans-serif !important;}<\/style><h2 class=\"stk-block-heading__text has-text-align-center\">Peric\u00fa Legend Mural<\/h2><\/div>\n\n\n\n<div class=\"wp-block-stackable-heading stk-block-heading stk-block-heading--v2 stk-block stk-3eab3d6\" id=\"mente-uerpo-y-espiritu\" data-block-id=\"3eab3d6\"><style>.stk-3eab3d6 {margin-bottom:25px !important;}.stk-3eab3d6 .stk-block-heading__text{font-weight:600 !important;font-style:normal !important;}<\/style><h2 class=\"stk-block-heading__text has-text-align-center translation-block\">\"Voice of the Ancestors\"<\/h2><\/div>\n\n\n\n<div class=\"wp-block-stackable-image stk-block-image stk-block stk-1468476\" data-block-id=\"1468476\"><style>.stk-1468476 {margin-bottom:0px !important;}<\/style><figure><span class=\"stk-img-wrapper stk-image--shape-stretch\"><noscript><img loading=\"lazy\" decoding=\"async\" class=\"stk-img wp-image-1838\" data-skip-lazy src=\"https:\/\/alfredososa.art\/wp-content\/uploads\/2026\/03\/Mural-Leyenda-Pericue-1.webp\" width=\"1600\" height=\"798\" alt=\"Mural Leyenda Peric\u00fae\" srcset=\"https:\/\/alfredososa.art\/wp-content\/uploads\/2026\/03\/Mural-Leyenda-Pericue-1.webp 1600w, https:\/\/alfredososa.art\/wp-content\/uploads\/2026\/03\/Mural-Leyenda-Pericue-1-300x150.webp 300w, https:\/\/alfredososa.art\/wp-content\/uploads\/2026\/03\/Mural-Leyenda-Pericue-1-1024x511.webp 1024w, https:\/\/alfredososa.art\/wp-content\/uploads\/2026\/03\/Mural-Leyenda-Pericue-1-768x383.webp 768w, https:\/\/alfredososa.art\/wp-content\/uploads\/2026\/03\/Mural-Leyenda-Pericue-1-1536x766.webp 1536w, https:\/\/alfredososa.art\/wp-content\/uploads\/2026\/03\/Mural-Leyenda-Pericue-1-18x9.webp 18w, https:\/\/alfredososa.art\/wp-content\/uploads\/2026\/03\/Mural-Leyenda-Pericue-1-500x249.webp 500w, https:\/\/alfredososa.art\/wp-content\/uploads\/2026\/03\/Mural-Leyenda-Pericue-1-800x399.webp 800w, https:\/\/alfredososa.art\/wp-content\/uploads\/2026\/03\/Mural-Leyenda-Pericue-1-1280x638.webp 1280w\" sizes=\"auto, (max-width: 1600px) 100vw, 1600px\" \/><\/noscript><img loading=\"eager\" decoding=\"async\" class=\"stk-img wp-image-1838 vp-lazyload\" src=\"https:\/\/alfredososa.art\/wp-content\/uploads\/2026\/03\/Mural-Leyenda-Pericue-1.webp\" width=\"1600\" height=\"798\" alt=\"Mural Leyenda Peric\u00fae\" srcset=\"data:image\/svg+xml;base64,PHN2ZyB3aWR0aD0iMTYwMCIgaGVpZ2h0PSI3OTgiIHZpZXdCb3g9IjAgMCAxNjAwIDc5OCIgZmlsbD0ibm9uZSIgeG1sbnM9Imh0dHA6Ly93d3cudzMub3JnLzIwMDAvc3ZnIj48L3N2Zz4=\" data-src=\"https:\/\/alfredososa.art\/wp-content\/uploads\/2026\/03\/Mural-Leyenda-Pericue-1.webp\" data-srcset=\"https:\/\/alfredososa.art\/wp-content\/uploads\/2026\/03\/Mural-Leyenda-Pericue-1.webp 1600w, https:\/\/alfredososa.art\/wp-content\/uploads\/2026\/03\/Mural-Leyenda-Pericue-1-300x150.webp 300w, https:\/\/alfredososa.art\/wp-content\/uploads\/2026\/03\/Mural-Leyenda-Pericue-1-1024x511.webp 1024w, https:\/\/alfredososa.art\/wp-content\/uploads\/2026\/03\/Mural-Leyenda-Pericue-1-768x383.webp 768w, https:\/\/alfredososa.art\/wp-content\/uploads\/2026\/03\/Mural-Leyenda-Pericue-1-1536x766.webp 1536w, https:\/\/alfredososa.art\/wp-content\/uploads\/2026\/03\/Mural-Leyenda-Pericue-1-18x9.webp 18w, https:\/\/alfredososa.art\/wp-content\/uploads\/2026\/03\/Mural-Leyenda-Pericue-1-500x249.webp 500w, https:\/\/alfredososa.art\/wp-content\/uploads\/2026\/03\/Mural-Leyenda-Pericue-1-800x399.webp 800w, https:\/\/alfredososa.art\/wp-content\/uploads\/2026\/03\/Mural-Leyenda-Pericue-1-1280x638.webp 1280w\" data-sizes=\"auto\"><\/span><\/figure><\/div>\n\n\n\n<div class=\"wp-block-stackable-spacer stk-block-spacer stk--no-padding stk-block stk-c1d5d14\" data-block-id=\"c1d5d14\"><style>.stk-c1d5d14 {height:25px !important;}<\/style><\/div>\n\n\n\n<div class=\"wp-block-stackable-text stk-block-text stk-block stk-0bb1f82\" data-block-id=\"0bb1f82\"><style>.stk-0bb1f82 {margin-bottom:0px !important;}<\/style><p class=\"stk-block-text__text has-text-align-center translation-block\">Inspired by the worldview of the ancient Peric\u00fa people of the Baja California Sur peninsula, this mural evokes the figure of <strong>Niparaj\u00e1<\/strong>, creator of the sky, the earth, and the sea. From his origin came <strong>Cuajaip<\/strong>, who walked among humans to teach and guide them. Tradition also recalls the great struggle against Tupar\u00e1n, who was defeated and expelled from the heavens; then <strong>Niparaj\u00e1<\/strong> took from him the pitahayas and the fruits he possessed and imprisoned him in a cave near the sea, creating the whales to guard his prison.<\/p><\/div>\n\n\n\n<div class=\"wp-block-stackable-spacer stk-block-spacer stk--no-padding stk-block stk-49be31f\" data-block-id=\"49be31f\"><style>.stk-49be31f {height:25px !important;}<\/style><\/div>\n\n\n\n<div class=\"wp-block-stackable-text stk-block-text stk-block stk-151d532\" data-block-id=\"151d532\"><p class=\"stk-block-text__text has-text-align-center\">These stories reflect the spiritual vision of the Peric\u00fa people, their deep relationship with nature, and their search for harmony in the world.<\/p><\/div>\n\n\n\n<div class=\"wp-block-stackable-spacer stk-block-spacer stk--no-padding stk-block stk-c3163fe\" data-block-id=\"c3163fe\"><style>.stk-c3163fe {height:25px !important;}<\/style><\/div>\n\n\n\n<div class=\"wp-block-stackable-button-group stk-block-button-group stk-block stk-6b4297f\" data-block-id=\"6b4297f\"><style>.stk-6b4297f {margin-bottom:0px !important;}<\/style><div class=\"stk-row stk-inner-blocks has-text-align-center stk-block-content stk-button-group\">\n<div class=\"wp-block-stackable-button stk-block-button stk-block stk-0d2c60f\" data-block-id=\"0d2c60f\"><style>.stk-0d2c60f .stk-button__inner-text{color:var(--theme-palette-color-4, #0a0500) !important;}<\/style><a class=\"stk-link stk-button stk--hover-effect-darken\" href=\"https:\/\/alfredososa.art\/en\/leyenda-pericue\/\"><span class=\"has-text-color stk-button__inner-text\">See More<\/span><\/a><\/div>\n<\/div><\/div>\n\n\n\n<div class=\"wp-block-stackable-spacer stk-block-spacer stk--no-padding stk-block stk-55600e6\" data-block-id=\"55600e6\"><style>.stk-55600e6 {height:25px !important;}<\/style><\/div>\n<\/div><\/div><\/div>\n<\/div><\/div>\n\n\n\n<div class=\"wp-block-stackable-spacer stk-block-spacer stk--no-padding stk-block stk-f346018\" data-block-id=\"f346018\"><style>.stk-f346018 {height:100px !important;}<\/style><\/div>\n<\/div><\/div><\/div>\n<\/div><\/div>","protected":false},"excerpt":{"rendered":"<p>Biograf\u00eda Manifiesto Art\u00edstico Exhibiciones Galer\u00eda Marzo 2026 Mural Leyenda Peric\u00fae \u00abVoz Ancestral\u00bb Inspirado en la cosmovisi\u00f3n de los antiguos peric\u00faes de la pen\u00ednsula de Baja California Sur, este mural evoca la figura de Niparaj\u00e1, creador del cielo, la tierra y el mar. De su origen nace Cuajaip, quien camin\u00f3 entre los hombres para ense\u00f1arles y [&hellip;]<\/p>\n","protected":false},"author":2,"featured_media":1433,"parent":0,"menu_order":1,"comment_status":"closed","ping_status":"closed","template":"","meta":{"_vp_format_video_url":"","_vp_image_focal_point":[],"footnotes":""},"class_list":["post-37","page","type-page","status-publish","has-post-thumbnail","hentry"],"blocksy_meta":{"has_hero_section":"disabled","styles_descriptor":{"styles":{"desktop":"","tablet":"","mobile":""},"google_fonts":[],"version":6},"page_structure_type":"default","vertical_spacing_source":"custom","content_area_spacing":"none"},"yoast_head":"<!-- This site is optimized with the Yoast SEO plugin v27.5 - https:\/\/yoast.com\/product\/yoast-seo-wordpress\/ -->\n<title>Alfredo Sosa Art - Pintor Introspectivista Mexicano<\/title>\n<meta name=\"description\" content=\"Alfredo Sosa, Pintor Introspectivista de BCS, Exhibiciones Internacionales, Premios y Reconocimientos, Manifiesto Art\u00edstico.\" \/>\n<meta name=\"robots\" content=\"index, follow, max-snippet:-1, max-image-preview:large, max-video-preview:-1\" \/>\n<link rel=\"canonical\" href=\"https:\/\/alfredososa.art\/en\/\" \/>\n<meta property=\"og:locale\" content=\"en_US\" \/>\n<meta property=\"og:type\" content=\"article\" \/>\n<meta property=\"og:title\" content=\"Alfredo Sosa Art - Pintor Introspectivista Mexicano\" \/>\n<meta property=\"og:description\" content=\"Alfredo Sosa, Pintor Introspectivista de BCS, Exhibiciones Internacionales, Premios y Reconocimientos, Manifiesto Art\u00edstico.\" \/>\n<meta property=\"og:url\" content=\"https:\/\/alfredososa.art\/en\/\" \/>\n<meta property=\"og:site_name\" content=\"AlfredoSosa.Art\" \/>\n<meta property=\"article:modified_time\" content=\"2026-04-11T16:07:52+00:00\" \/>\n<meta property=\"og:image\" content=\"https:\/\/alfredososa.art\/wp-content\/uploads\/2025\/02\/cropped-Portada2.jpg\" \/>\n\t<meta property=\"og:image:width\" content=\"512\" \/>\n\t<meta property=\"og:image:height\" content=\"512\" \/>\n\t<meta property=\"og:image:type\" content=\"image\/jpeg\" \/>\n<meta name=\"twitter:card\" content=\"summary_large_image\" \/>\n<meta name=\"twitter:label1\" content=\"Est. reading time\" \/>\n\t<meta name=\"twitter:data1\" content=\"2 minutes\" \/>\n<script type=\"application\/ld+json\" class=\"yoast-schema-graph\">{\"@context\":\"https:\\\/\\\/schema.org\",\"@graph\":[{\"@type\":\"WebPage\",\"@id\":\"https:\\\/\\\/alfredososa.art\\\/\",\"url\":\"https:\\\/\\\/alfredososa.art\\\/\",\"name\":\"Alfredo Sosa Art - Pintor Introspectivista Mexicano\",\"isPartOf\":{\"@id\":\"https:\\\/\\\/alfredososa.art\\\/#website\"},\"primaryImageOfPage\":{\"@id\":\"https:\\\/\\\/alfredososa.art\\\/#primaryimage\"},\"image\":{\"@id\":\"https:\\\/\\\/alfredososa.art\\\/#primaryimage\"},\"thumbnailUrl\":\"https:\\\/\\\/alfredososa.art\\\/wp-content\\\/uploads\\\/2025\\\/02\\\/cropped-Portada2.jpg\",\"datePublished\":\"2018-05-04T22:25:11+00:00\",\"dateModified\":\"2026-04-11T16:07:52+00:00\",\"description\":\"Alfredo Sosa, Pintor Introspectivista de BCS, Exhibiciones Internacionales, Premios y Reconocimientos, Manifiesto Art\u00edstico.\",\"breadcrumb\":{\"@id\":\"https:\\\/\\\/alfredososa.art\\\/#breadcrumb\"},\"inLanguage\":\"en-US\",\"potentialAction\":[{\"@type\":\"ReadAction\",\"target\":[\"https:\\\/\\\/alfredososa.art\\\/\"]}]},{\"@type\":\"ImageObject\",\"inLanguage\":\"en-US\",\"@id\":\"https:\\\/\\\/alfredososa.art\\\/#primaryimage\",\"url\":\"https:\\\/\\\/alfredososa.art\\\/wp-content\\\/uploads\\\/2025\\\/02\\\/cropped-Portada2.jpg\",\"contentUrl\":\"https:\\\/\\\/alfredososa.art\\\/wp-content\\\/uploads\\\/2025\\\/02\\\/cropped-Portada2.jpg\",\"width\":512,\"height\":512,\"caption\":\"Alfredo Sosa | Portada\"},{\"@type\":\"BreadcrumbList\",\"@id\":\"https:\\\/\\\/alfredososa.art\\\/#breadcrumb\",\"itemListElement\":[{\"@type\":\"ListItem\",\"position\":1,\"name\":\"Portada\",\"item\":\"https:\\\/\\\/alfredososa.art\\\/\"},{\"@type\":\"ListItem\",\"position\":2,\"name\":\"Inicio\"}]},{\"@type\":\"WebSite\",\"@id\":\"https:\\\/\\\/alfredososa.art\\\/#website\",\"url\":\"https:\\\/\\\/alfredososa.art\\\/\",\"name\":\"AlfresoSosa.Art\",\"description\":\"Sitio Web del Artista Alfredo Sosa\",\"publisher\":{\"@id\":\"https:\\\/\\\/alfredososa.art\\\/#\\\/schema\\\/person\\\/a6f2f945e1a4090770d148bcedf155ac\"},\"alternateName\":\"AlfresoSosa.Art\",\"potentialAction\":[{\"@type\":\"SearchAction\",\"target\":{\"@type\":\"EntryPoint\",\"urlTemplate\":\"https:\\\/\\\/alfredososa.art\\\/?s={search_term_string}\"},\"query-input\":{\"@type\":\"PropertyValueSpecification\",\"valueRequired\":true,\"valueName\":\"search_term_string\"}}],\"inLanguage\":\"en-US\"},{\"@type\":[\"Person\",\"Organization\"],\"@id\":\"https:\\\/\\\/alfredososa.art\\\/#\\\/schema\\\/person\\\/a6f2f945e1a4090770d148bcedf155ac\",\"name\":\"Maestre Maximus\",\"image\":{\"@type\":\"ImageObject\",\"inLanguage\":\"en-US\",\"@id\":\"https:\\\/\\\/alfredososa.art\\\/wp-content\\\/litespeed\\\/avatar\\\/820b94769887ee38fb6dc2cf583cc674.jpg?ver=1777911985\",\"url\":\"https:\\\/\\\/alfredososa.art\\\/wp-content\\\/litespeed\\\/avatar\\\/820b94769887ee38fb6dc2cf583cc674.jpg?ver=1777911985\",\"contentUrl\":\"https:\\\/\\\/alfredososa.art\\\/wp-content\\\/litespeed\\\/avatar\\\/820b94769887ee38fb6dc2cf583cc674.jpg?ver=1777911985\",\"caption\":\"Maestre Maximus\"},\"logo\":{\"@id\":\"https:\\\/\\\/alfredososa.art\\\/wp-content\\\/litespeed\\\/avatar\\\/820b94769887ee38fb6dc2cf583cc674.jpg?ver=1777911985\"}}]}<\/script>\n<!-- \/ Yoast SEO plugin. -->","yoast_head_json":{"title":"Alfredo Sosa Art - Pintor Introspectivista Mexicano","description":"Alfredo Sosa, Pintor Introspectivista de BCS, Exhibiciones Internacionales, Premios y Reconocimientos, Manifiesto Art\u00edstico.","robots":{"index":"index","follow":"follow","max-snippet":"max-snippet:-1","max-image-preview":"max-image-preview:large","max-video-preview":"max-video-preview:-1"},"canonical":"https:\/\/alfredososa.art\/en\/","og_locale":"en_US","og_type":"article","og_title":"Alfredo Sosa Art - Pintor Introspectivista Mexicano","og_description":"Alfredo Sosa, Pintor Introspectivista de BCS, Exhibiciones Internacionales, Premios y Reconocimientos, Manifiesto Art\u00edstico.","og_url":"https:\/\/alfredososa.art\/en\/","og_site_name":"AlfredoSosa.Art","article_modified_time":"2026-04-11T16:07:52+00:00","og_image":[{"width":512,"height":512,"url":"https:\/\/alfredososa.art\/wp-content\/uploads\/2025\/02\/cropped-Portada2.jpg","type":"image\/jpeg"}],"twitter_card":"summary_large_image","twitter_misc":{"Est. reading time":"2 minutes"},"schema":{"@context":"https:\/\/schema.org","@graph":[{"@type":"WebPage","@id":"https:\/\/alfredososa.art\/","url":"https:\/\/alfredososa.art\/","name":"Alfredo Sosa Art - Pintor Introspectivista Mexicano","isPartOf":{"@id":"https:\/\/alfredososa.art\/#website"},"primaryImageOfPage":{"@id":"https:\/\/alfredososa.art\/#primaryimage"},"image":{"@id":"https:\/\/alfredososa.art\/#primaryimage"},"thumbnailUrl":"https:\/\/alfredososa.art\/wp-content\/uploads\/2025\/02\/cropped-Portada2.jpg","datePublished":"2018-05-04T22:25:11+00:00","dateModified":"2026-04-11T16:07:52+00:00","description":"Alfredo Sosa, Pintor Introspectivista de BCS, Exhibiciones Internacionales, Premios y Reconocimientos, Manifiesto Art\u00edstico.","breadcrumb":{"@id":"https:\/\/alfredososa.art\/#breadcrumb"},"inLanguage":"en-US","potentialAction":[{"@type":"ReadAction","target":["https:\/\/alfredososa.art\/"]}]},{"@type":"ImageObject","inLanguage":"en-US","@id":"https:\/\/alfredososa.art\/#primaryimage","url":"https:\/\/alfredososa.art\/wp-content\/uploads\/2025\/02\/cropped-Portada2.jpg","contentUrl":"https:\/\/alfredososa.art\/wp-content\/uploads\/2025\/02\/cropped-Portada2.jpg","width":512,"height":512,"caption":"Alfredo Sosa | Portada"},{"@type":"BreadcrumbList","@id":"https:\/\/alfredososa.art\/#breadcrumb","itemListElement":[{"@type":"ListItem","position":1,"name":"Portada","item":"https:\/\/alfredososa.art\/"},{"@type":"ListItem","position":2,"name":"Inicio"}]},{"@type":"WebSite","@id":"https:\/\/alfredososa.art\/#website","url":"https:\/\/alfredososa.art\/","name":"AlfresoSosa.Art","description":"Sitio Web del Artista Alfredo Sosa","publisher":{"@id":"https:\/\/alfredososa.art\/#\/schema\/person\/a6f2f945e1a4090770d148bcedf155ac"},"alternateName":"AlfresoSosa.Art","potentialAction":[{"@type":"SearchAction","target":{"@type":"EntryPoint","urlTemplate":"https:\/\/alfredososa.art\/?s={search_term_string}"},"query-input":{"@type":"PropertyValueSpecification","valueRequired":true,"valueName":"search_term_string"}}],"inLanguage":"en-US"},{"@type":["Person","Organization"],"@id":"https:\/\/alfredososa.art\/#\/schema\/person\/a6f2f945e1a4090770d148bcedf155ac","name":"Maestre Maximus","image":{"@type":"ImageObject","inLanguage":"en-US","@id":"https:\/\/alfredososa.art\/wp-content\/litespeed\/avatar\/820b94769887ee38fb6dc2cf583cc674.jpg?ver=1777911985","url":"https:\/\/alfredososa.art\/wp-content\/litespeed\/avatar\/820b94769887ee38fb6dc2cf583cc674.jpg?ver=1777911985","contentUrl":"https:\/\/alfredososa.art\/wp-content\/litespeed\/avatar\/820b94769887ee38fb6dc2cf583cc674.jpg?ver=1777911985","caption":"Maestre Maximus"},"logo":{"@id":"https:\/\/alfredososa.art\/wp-content\/litespeed\/avatar\/820b94769887ee38fb6dc2cf583cc674.jpg?ver=1777911985"}}]}},"_links":{"self":[{"href":"https:\/\/alfredososa.art\/en\/wp-json\/wp\/v2\/pages\/37","targetHints":{"allow":["GET"]}}],"collection":[{"href":"https:\/\/alfredososa.art\/en\/wp-json\/wp\/v2\/pages"}],"about":[{"href":"https:\/\/alfredososa.art\/en\/wp-json\/wp\/v2\/types\/page"}],"author":[{"embeddable":true,"href":"https:\/\/alfredososa.art\/en\/wp-json\/wp\/v2\/users\/2"}],"replies":[{"embeddable":true,"href":"https:\/\/alfredososa.art\/en\/wp-json\/wp\/v2\/comments?post=37"}],"version-history":[{"count":310,"href":"https:\/\/alfredososa.art\/en\/wp-json\/wp\/v2\/pages\/37\/revisions"}],"predecessor-version":[{"id":1880,"href":"https:\/\/alfredososa.art\/en\/wp-json\/wp\/v2\/pages\/37\/revisions\/1880"}],"wp:featuredmedia":[{"embeddable":true,"href":"https:\/\/alfredososa.art\/en\/wp-json\/wp\/v2\/media\/1433"}],"wp:attachment":[{"href":"https:\/\/alfredososa.art\/en\/wp-json\/wp\/v2\/media?parent=37"}],"curies":[{"name":"wp","href":"https:\/\/api.w.org\/{rel}","templated":true}]}}