{"id":1620,"date":"2025-09-01T13:46:04","date_gmt":"2025-09-01T20:46:04","guid":{"rendered":"https:\/\/alfredososa.art\/?page_id=1620"},"modified":"2025-09-02T18:46:46","modified_gmt":"2025-09-03T01:46:46","slug":"cuerpo-3","status":"publish","type":"page","link":"https:\/\/alfredososa.art\/en\/cuerpo-3\/","title":{"rendered":"Cuerpo 3"},"content":{"rendered":"<div class=\"wp-block-stackable-heading stk-block-heading stk-block-heading--v2 stk-block stk-288ad7a\" id=\"cuerpo-iluminacion-y-camino\" data-block-id=\"288ad7a\"><style>.stk-288ad7a {margin-bottom:0px !important;}<\/style><h2 class=\"stk-block-heading__text has-text-align-center\">Body, lighting, and path<\/h2><\/div>\n\n\n\n<div class=\"wp-block-stackable-columns alignwide stk-block-columns stk-block stk-11c30f0\" data-block-id=\"11c30f0\"><style>.stk-11c30f0 {margin-bottom:0px !important;}<\/style><div class=\"stk-row stk-inner-blocks has-text-align-center stk-block-content stk-content-align stk-11c30f0-column alignwide\">\n<div class=\"wp-block-stackable-column stk-block-column stk-column stk-block stk-f76ba5a\" data-v=\"4\" data-block-id=\"f76ba5a\"><style>.stk-f76ba5a-inner-blocks{align-items:center !important;}<\/style><div class=\"stk-column-wrapper stk-block-column__content stk-container stk-f76ba5a-container stk--no-background stk--no-padding\"><div class=\"has-text-align-center stk--column-flex stk-block-content stk-inner-blocks stk-f76ba5a-inner-blocks\">\n<div class=\"wp-block-stackable-button-group stk-block-button-group stk-block stk-c9c0185\" data-block-id=\"c9c0185\"><div class=\"stk-row stk-inner-blocks stk-block-content stk-button-group\"><\/div><\/div>\n<\/div><\/div><\/div>\n<\/div><\/div>\n\n\n\n<div class=\"wp-block-stackable-spacer stk-block-spacer stk--no-padding stk-block stk-aec7a27\" data-block-id=\"aec7a27\"><\/div>\n\n\n\n<div class=\"wp-block-stackable-image stk-block-image stk-block stk-ec465e5\" data-block-id=\"ec465e5\"><figure><span class=\"stk-img-wrapper stk-image--shape-stretch\"><noscript><img loading=\"lazy\" decoding=\"async\" class=\"stk-img wp-image-1458\" data-skip-lazy src=\"https:\/\/alfredososa.art\/wp-content\/uploads\/2025\/08\/8-Cuerpo-iluminacion-y-camino-instalacion.jpeg\" width=\"1586\" height=\"1600\" srcset=\"https:\/\/alfredososa.art\/wp-content\/uploads\/2025\/08\/8-Cuerpo-iluminacion-y-camino-instalacion.jpeg 1586w, https:\/\/alfredososa.art\/wp-content\/uploads\/2025\/08\/8-Cuerpo-iluminacion-y-camino-instalacion-297x300.jpeg 297w, https:\/\/alfredososa.art\/wp-content\/uploads\/2025\/08\/8-Cuerpo-iluminacion-y-camino-instalacion-1015x1024.jpeg 1015w, https:\/\/alfredososa.art\/wp-content\/uploads\/2025\/08\/8-Cuerpo-iluminacion-y-camino-instalacion-150x150.jpeg 150w, https:\/\/alfredososa.art\/wp-content\/uploads\/2025\/08\/8-Cuerpo-iluminacion-y-camino-instalacion-768x775.jpeg 768w, https:\/\/alfredososa.art\/wp-content\/uploads\/2025\/08\/8-Cuerpo-iluminacion-y-camino-instalacion-1523x1536.jpeg 1523w, https:\/\/alfredososa.art\/wp-content\/uploads\/2025\/08\/8-Cuerpo-iluminacion-y-camino-instalacion-12x12.jpeg 12w, https:\/\/alfredososa.art\/wp-content\/uploads\/2025\/08\/8-Cuerpo-iluminacion-y-camino-instalacion-500x504.jpeg 500w, https:\/\/alfredososa.art\/wp-content\/uploads\/2025\/08\/8-Cuerpo-iluminacion-y-camino-instalacion-800x807.jpeg 800w, https:\/\/alfredososa.art\/wp-content\/uploads\/2025\/08\/8-Cuerpo-iluminacion-y-camino-instalacion-1280x1291.jpeg 1280w\" sizes=\"auto, (max-width: 1586px) 100vw, 1586px\" \/><\/noscript><img loading=\"eager\" decoding=\"async\" class=\"stk-img wp-image-1458 vp-lazyload\" src=\"https:\/\/alfredososa.art\/wp-content\/uploads\/2025\/08\/8-Cuerpo-iluminacion-y-camino-instalacion.jpeg\" width=\"1586\" height=\"1600\" srcset=\"data:image\/svg+xml;base64,PHN2ZyB3aWR0aD0iMTU4NiIgaGVpZ2h0PSIxNjAwIiB2aWV3Qm94PSIwIDAgMTU4NiAxNjAwIiBmaWxsPSJub25lIiB4bWxucz0iaHR0cDovL3d3dy53My5vcmcvMjAwMC9zdmciPjwvc3ZnPg==\" data-src=\"https:\/\/alfredososa.art\/wp-content\/uploads\/2025\/08\/8-Cuerpo-iluminacion-y-camino-instalacion.jpeg\" data-srcset=\"https:\/\/alfredososa.art\/wp-content\/uploads\/2025\/08\/8-Cuerpo-iluminacion-y-camino-instalacion.jpeg 1586w, https:\/\/alfredososa.art\/wp-content\/uploads\/2025\/08\/8-Cuerpo-iluminacion-y-camino-instalacion-297x300.jpeg 297w, https:\/\/alfredososa.art\/wp-content\/uploads\/2025\/08\/8-Cuerpo-iluminacion-y-camino-instalacion-1015x1024.jpeg 1015w, https:\/\/alfredososa.art\/wp-content\/uploads\/2025\/08\/8-Cuerpo-iluminacion-y-camino-instalacion-150x150.jpeg 150w, https:\/\/alfredososa.art\/wp-content\/uploads\/2025\/08\/8-Cuerpo-iluminacion-y-camino-instalacion-768x775.jpeg 768w, https:\/\/alfredososa.art\/wp-content\/uploads\/2025\/08\/8-Cuerpo-iluminacion-y-camino-instalacion-1523x1536.jpeg 1523w, https:\/\/alfredososa.art\/wp-content\/uploads\/2025\/08\/8-Cuerpo-iluminacion-y-camino-instalacion-12x12.jpeg 12w, https:\/\/alfredososa.art\/wp-content\/uploads\/2025\/08\/8-Cuerpo-iluminacion-y-camino-instalacion-500x504.jpeg 500w, https:\/\/alfredososa.art\/wp-content\/uploads\/2025\/08\/8-Cuerpo-iluminacion-y-camino-instalacion-800x807.jpeg 800w, https:\/\/alfredososa.art\/wp-content\/uploads\/2025\/08\/8-Cuerpo-iluminacion-y-camino-instalacion-1280x1291.jpeg 1280w\" data-sizes=\"auto\"><\/span><\/figure><\/div>\n\n\n\n<div class=\"wp-block-stackable-text stk-block-text stk-block stk-82160e6\" data-block-id=\"82160e6\"><p class=\"stk-block-text__text has-text-align-center\">Technique:<br><strong>Installation&nbsp;<\/strong><br>Measures:<br><strong>___<\/strong><br>Price:<br><strong>&#8212;<\/strong><\/p><\/div>\n\n\n\n<div class=\"wp-block-stackable-columns stk-block-columns stk-block stk-d7e34c0 stk-block-background\" data-block-id=\"d7e34c0\"><style>.stk-d7e34c0 {border-top-left-radius:24px !important;border-top-right-radius:24px !important;border-bottom-right-radius:24px !important;border-bottom-left-radius:24px !important;overflow:hidden !important;box-shadow:0 5px 30px -10px #123f524d !important;}<\/style><div class=\"stk-row stk-inner-blocks stk-block-content stk-content-align stk-d7e34c0-column\">\n<div class=\"wp-block-stackable-column stk-block-column stk-column stk-block stk-bf93261\" data-v=\"4\" data-block-id=\"bf93261\"><div class=\"stk-column-wrapper stk-block-column__content stk-container stk-bf93261-container stk--no-background stk--no-padding\"><div class=\"stk-block-content stk-inner-blocks stk-bf93261-inner-blocks\">\n<div class=\"wp-block-stackable-text stk-block-text stk-block stk-1c1bf7b\" data-block-id=\"1c1bf7b\"><style>.stk-1c1bf7b .stk-block-text__text{font-size:24px !important;}@media screen and (max-width:999px){.stk-1c1bf7b .stk-block-text__text{font-size:24px !important;}}<\/style><p class=\"stk-block-text__text has-text-align-center\">If you would like information about purchasing any of the works on display, please contact me directly via WhatsApp or email.<\/p><\/div>\n\n\n\n<div class=\"wp-block-stackable-columns stk-block-columns stk-block stk-9836dd1\" data-block-id=\"9836dd1\"><style>.stk-9836dd1 {max-width:200px !important;min-width:auto !important;margin-right:auto !important;margin-left:auto !important;}<\/style><div class=\"stk-row stk-inner-blocks stk-block-content stk-content-align stk-9836dd1-column\">\n<div class=\"wp-block-stackable-column stk-block-column stk-column stk-block stk-7a11fe8\" data-v=\"4\" data-block-id=\"7a11fe8\"><div class=\"stk-column-wrapper stk-block-column__content stk-container stk-7a11fe8-container stk--no-background stk--no-padding\"><div class=\"stk-block-content stk-inner-blocks stk-7a11fe8-inner-blocks\">\n<div class=\"wp-block-stackable-icon stk-block-icon has-text-align-center stk-block stk-fc704da\" data-block-id=\"fc704da\"><style>.stk-fc704da .stk--svg-wrapper .stk--inner-svg svg:last-child{height:60px !important;width:60px !important;opacity:1 !important;}.stk-fc704da .stk--svg-wrapper .stk--inner-svg svg:last-child, .stk-fc704da .stk--svg-wrapper .stk--inner-svg svg:last-child :is(g, path, rect, polygon, ellipse){fill:#000000 !important;}.stk-fc704da .stk--svg-wrapper:hover .stk--inner-svg svg:last-child, .stk-fc704da .stk--svg-wrapper:hover .stk--inner-svg svg:last-child :is(g, path, rect, polygon, ellipse){fill:#00d084 !important;}<\/style><a class=\"stk-link\" href=\"https:\/\/api.whatsapp.com\/send?phone=526241269414\" target=\"_blank\" rel=\"noreferrer noopener\"><span class=\"stk--svg-wrapper\"><div class=\"stk--inner-svg\"><svg style=\"height:0;width:0\"><defs><lineargradient id=\"linear-gradient-fc704da\" x1=\"0\" x2=\"100%\" y1=\"0\" y2=\"0\"><stop offset=\"0%\" style=\"stop-opacity:1;stop-color:var(--linear-gradient-fc-704-da-color-1)\"><\/stop><stop offset=\"100%\" style=\"stop-opacity:1;stop-color:var(--linear-gradient-fc-704-da-color-2)\"><\/stop><\/lineargradient><\/defs><\/svg><svg xmlns=\"http:\/\/www.w3.org\/2000\/svg\" viewbox=\"0 0 448 512\" aria-hidden=\"true\" width=\"32\" height=\"32\"><path d=\"M380.9 97.1C339 55.1 283.2 32 223.9 32c-122.4 0-222 99.6-222 222 0 39.1 10.2 77.3 29.6 111L0 480l117.7-30.9c32.4 17.7 68.9 27 106.1 27h.1c122.3 0 224.1-99.6 224.1-222 0-59.3-25.2-115-67.1-157zm-157 341.6c-33.2 0-65.7-8.9-94-25.7l-6.7-4-69.8 18.3L72 359.2l-4.4-7c-18.5-29.4-28.2-63.3-28.2-98.2 0-101.7 82.8-184.5 184.6-184.5 49.3 0 95.6 19.2 130.4 54.1 34.8 34.9 56.2 81.2 56.1 130.5 0 101.8-84.9 184.6-186.6 184.6zm101.2-138.2c-5.5-2.8-32.8-16.2-37.9-18-5.1-1.9-8.8-2.8-12.5 2.8-3.7 5.6-14.3 18-17.6 21.8-3.2 3.7-6.5 4.2-12 1.4-32.6-16.3-54-29.1-75.5-66-5.7-9.8 5.7-9.1 16.3-30.3 1.8-3.7.9-6.9-.5-9.7-1.4-2.8-12.5-30.1-17.1-41.2-4.5-10.8-9.1-9.3-12.5-9.5-3.2-.2-6.9-.2-10.6-.2-3.7 0-9.7 1.4-14.8 6.9-5.1 5.6-19.4 19-19.4 46.3 0 27.3 19.9 53.7 22.6 57.4 2.8 3.7 39.1 59.7 94.8 83.8 35.2 15.2 49 16.5 66.6 13.9 10.7-1.6 32.8-13.4 37.4-26.4 4.6-13 4.6-24.1 3.2-26.4-1.3-2.5-5-3.9-10.5-6.6z\"><\/path><\/svg><\/div><\/span><\/a><\/div>\n<\/div><\/div><\/div>\n\n\n\n<div class=\"wp-block-stackable-column stk-block-column stk-column stk-block stk-4e2571e\" data-v=\"4\" data-block-id=\"4e2571e\"><div class=\"stk-column-wrapper stk-block-column__content stk-container stk-4e2571e-container stk--no-background stk--no-padding\"><div class=\"stk-block-content stk-inner-blocks stk-4e2571e-inner-blocks\">\n<div class=\"wp-block-stackable-icon stk-block-icon has-text-align-center stk-block stk-c0c1e1f\" data-block-id=\"c0c1e1f\"><style>.stk-c0c1e1f .stk--svg-wrapper .stk--inner-svg svg:last-child{height:58px !important;width:58px !important;}.stk-c0c1e1f .stk--svg-wrapper .stk--inner-svg svg:last-child, .stk-c0c1e1f .stk--svg-wrapper .stk--inner-svg svg:last-child :is(g, path, rect, polygon, ellipse){fill:#000000 !important;}.stk-c0c1e1f .stk--svg-wrapper:hover .stk--inner-svg svg:last-child, .stk-c0c1e1f .stk--svg-wrapper:hover .stk--inner-svg svg:last-child :is(g, path, rect, polygon, ellipse){fill:#8ed1fc !important;}<\/style><a class=\"stk-link\" href=\"mailto:art.alfredososa@hotmail.com\" target=\"_blank\" rel=\"noreferrer noopener\"><span class=\"stk--svg-wrapper\"><div class=\"stk--inner-svg\"><svg style=\"height:0;width:0\"><defs><lineargradient id=\"linear-gradient-c0c1e1f\" x1=\"0\" x2=\"100%\" y1=\"0\" y2=\"0\"><stop offset=\"0%\" style=\"stop-opacity:1;stop-color:var(--linear-gradient-c-0-c-1-e-1-f-color-1)\"><\/stop><stop offset=\"100%\" style=\"stop-opacity:1;stop-color:var(--linear-gradient-c-0-c-1-e-1-f-color-2)\"><\/stop><\/lineargradient><\/defs><\/svg><svg xmlns=\"http:\/\/www.w3.org\/2000\/svg\" viewbox=\"0 0 512 512\" aria-hidden=\"true\" width=\"32\" height=\"32\"><path d=\"M64 112c-8.8 0-16 7.2-16 16v22.1L220.5 291.7c20.7 17 50.4 17 71.1 0L464 150.1V128c0-8.8-7.2-16-16-16H64zM48 212.2V384c0 8.8 7.2 16 16 16H448c8.8 0 16-7.2 16-16V212.2L322 328.8c-38.4 31.5-93.7 31.5-132 0L48 212.2zM0 128C0 92.7 28.7 64 64 64H448c35.3 0 64 28.7 64 64V384c0 35.3-28.7 64-64 64H64c-35.3 0-64-28.7-64-64V128z\"><\/path><\/svg><\/div><\/span><\/a><\/div>\n<\/div><\/div><\/div>\n<\/div><\/div>\n<\/div><\/div><\/div>\n<\/div><\/div>\n\n\n\n<div class=\"wp-block-stackable-text stk-block-text stk-block stk-b1adb96\" data-block-id=\"b1adb96\"><p class=\"stk-block-text__text has-text-align-center\"><a href=\"https:\/\/alfredososa.art\/en\/puerto-paraiso\/\">See review of Puerto Para\u00edso exhibition 09\/03\/2025<\/a><\/p><\/div>\n\n\n\n<div class=\"wp-block-stackable-spacer stk-block-spacer stk--no-padding stk-block stk-3885bff\" data-block-id=\"3885bff\"><style>.stk-3885bff {height:100px !important;}<\/style><\/div>","protected":false},"excerpt":{"rendered":"<p>Cuerpo, iluminaci\u00f3n y camino T\u00e9cnica:Instalaci\u00f3n&nbsp;Medidas:___Precio:&#8212; Si desea informaci\u00f3n acerca de como adquirir alguna de las obras expuestas cont\u00e1cteme directamente por WhatsApp o Correo Electr\u00f3nico Ver rese\u00f1a exposici\u00f3n Puerto Para\u00edso 03\/09\/2025<\/p>","protected":false},"author":2,"featured_media":0,"parent":0,"menu_order":0,"comment_status":"closed","ping_status":"closed","template":"","meta":{"_vp_format_video_url":"","_vp_image_focal_point":[],"footnotes":""},"class_list":["post-1620","page","type-page","status-publish","hentry"],"blocksy_meta":{"has_hero_section":"disabled","disable_header":"no","disable_footer":"yes","styles_descriptor":{"styles":{"desktop":"","tablet":"","mobile":""},"google_fonts":[],"version":6}},"yoast_head":"<!-- This site is optimized with the Yoast SEO plugin v27.5 - https:\/\/yoast.com\/product\/yoast-seo-wordpress\/ -->\n<title>Cuerpo, iluminaci\u00f3n y camino - AlfredoSosa.Art<\/title>\n<meta name=\"description\" content=\"Cuerpo, iluminaci\u00f3n y camino, instalaci\u00f3n del pintor Alfredo Sosa, exhibida en Puerto Para\u00edso 3 de septiembre del 2025\" \/>\n<meta name=\"robots\" content=\"index, follow, max-snippet:-1, max-image-preview:large, max-video-preview:-1\" \/>\n<link rel=\"canonical\" href=\"https:\/\/alfredososa.art\/en\/cuerpo-3\/\" \/>\n<meta property=\"og:locale\" content=\"en_US\" \/>\n<meta property=\"og:type\" content=\"article\" \/>\n<meta property=\"og:title\" content=\"Cuerpo, iluminaci\u00f3n y camino - AlfredoSosa.Art\" \/>\n<meta property=\"og:description\" content=\"Cuerpo, iluminaci\u00f3n y camino, instalaci\u00f3n del pintor Alfredo Sosa, exhibida en Puerto Para\u00edso 3 de septiembre del 2025\" \/>\n<meta property=\"og:url\" content=\"https:\/\/alfredososa.art\/en\/cuerpo-3\/\" \/>\n<meta property=\"og:site_name\" content=\"AlfredoSosa.Art\" \/>\n<meta property=\"article:modified_time\" content=\"2025-09-03T01:46:46+00:00\" \/>\n<meta property=\"og:image\" content=\"https:\/\/alfredososa.art\/wp-content\/uploads\/2025\/08\/8-Cuerpo-iluminacion-y-camino-instalacion.jpeg\" \/>\n\t<meta property=\"og:image:width\" content=\"1586\" \/>\n\t<meta property=\"og:image:height\" content=\"1600\" \/>\n\t<meta property=\"og:image:type\" content=\"image\/jpeg\" \/>\n<meta name=\"twitter:card\" content=\"summary_large_image\" \/>\n<meta name=\"twitter:label1\" content=\"Est. reading time\" \/>\n\t<meta name=\"twitter:data1\" content=\"1 minute\" \/>\n<script type=\"application\/ld+json\" class=\"yoast-schema-graph\">{\"@context\":\"https:\\\/\\\/schema.org\",\"@graph\":[{\"@type\":\"WebPage\",\"@id\":\"https:\\\/\\\/alfredososa.art\\\/cuerpo-3\\\/\",\"url\":\"https:\\\/\\\/alfredososa.art\\\/cuerpo-3\\\/\",\"name\":\"Cuerpo, iluminaci\u00f3n y camino - AlfredoSosa.Art\",\"isPartOf\":{\"@id\":\"https:\\\/\\\/alfredososa.art\\\/#website\"},\"primaryImageOfPage\":{\"@id\":\"https:\\\/\\\/alfredososa.art\\\/cuerpo-3\\\/#primaryimage\"},\"image\":{\"@id\":\"https:\\\/\\\/alfredososa.art\\\/cuerpo-3\\\/#primaryimage\"},\"thumbnailUrl\":\"https:\\\/\\\/alfredososa.art\\\/wp-content\\\/uploads\\\/2025\\\/08\\\/8-Cuerpo-iluminacion-y-camino-instalacion.jpeg\",\"datePublished\":\"2025-09-01T20:46:04+00:00\",\"dateModified\":\"2025-09-03T01:46:46+00:00\",\"description\":\"Cuerpo, iluminaci\u00f3n y camino, instalaci\u00f3n del pintor Alfredo Sosa, exhibida en Puerto Para\u00edso 3 de septiembre del 2025\",\"breadcrumb\":{\"@id\":\"https:\\\/\\\/alfredososa.art\\\/cuerpo-3\\\/#breadcrumb\"},\"inLanguage\":\"en-US\",\"potentialAction\":[{\"@type\":\"ReadAction\",\"target\":[\"https:\\\/\\\/alfredososa.art\\\/cuerpo-3\\\/\"]}]},{\"@type\":\"ImageObject\",\"inLanguage\":\"en-US\",\"@id\":\"https:\\\/\\\/alfredososa.art\\\/cuerpo-3\\\/#primaryimage\",\"url\":\"https:\\\/\\\/alfredososa.art\\\/wp-content\\\/uploads\\\/2025\\\/08\\\/8-Cuerpo-iluminacion-y-camino-instalacion.jpeg\",\"contentUrl\":\"https:\\\/\\\/alfredososa.art\\\/wp-content\\\/uploads\\\/2025\\\/08\\\/8-Cuerpo-iluminacion-y-camino-instalacion.jpeg\"},{\"@type\":\"BreadcrumbList\",\"@id\":\"https:\\\/\\\/alfredososa.art\\\/cuerpo-3\\\/#breadcrumb\",\"itemListElement\":[{\"@type\":\"ListItem\",\"position\":1,\"name\":\"Portada\",\"item\":\"https:\\\/\\\/alfredososa.art\\\/\"},{\"@type\":\"ListItem\",\"position\":2,\"name\":\"Cuerpo 3\"}]},{\"@type\":\"WebSite\",\"@id\":\"https:\\\/\\\/alfredososa.art\\\/#website\",\"url\":\"https:\\\/\\\/alfredososa.art\\\/\",\"name\":\"AlfresoSosa.Art\",\"description\":\"Sitio Web del Artista Alfredo Sosa\",\"publisher\":{\"@id\":\"https:\\\/\\\/alfredososa.art\\\/#\\\/schema\\\/person\\\/a6f2f945e1a4090770d148bcedf155ac\"},\"alternateName\":\"AlfresoSosa.Art\",\"potentialAction\":[{\"@type\":\"SearchAction\",\"target\":{\"@type\":\"EntryPoint\",\"urlTemplate\":\"https:\\\/\\\/alfredososa.art\\\/?s={search_term_string}\"},\"query-input\":{\"@type\":\"PropertyValueSpecification\",\"valueRequired\":true,\"valueName\":\"search_term_string\"}}],\"inLanguage\":\"en-US\"},{\"@type\":[\"Person\",\"Organization\"],\"@id\":\"https:\\\/\\\/alfredososa.art\\\/#\\\/schema\\\/person\\\/a6f2f945e1a4090770d148bcedf155ac\",\"name\":\"Maestre Maximus\",\"image\":{\"@type\":\"ImageObject\",\"inLanguage\":\"en-US\",\"@id\":\"https:\\\/\\\/alfredososa.art\\\/wp-content\\\/litespeed\\\/avatar\\\/820b94769887ee38fb6dc2cf583cc674.jpg?ver=1777911985\",\"url\":\"https:\\\/\\\/alfredososa.art\\\/wp-content\\\/litespeed\\\/avatar\\\/820b94769887ee38fb6dc2cf583cc674.jpg?ver=1777911985\",\"contentUrl\":\"https:\\\/\\\/alfredososa.art\\\/wp-content\\\/litespeed\\\/avatar\\\/820b94769887ee38fb6dc2cf583cc674.jpg?ver=1777911985\",\"caption\":\"Maestre Maximus\"},\"logo\":{\"@id\":\"https:\\\/\\\/alfredososa.art\\\/wp-content\\\/litespeed\\\/avatar\\\/820b94769887ee38fb6dc2cf583cc674.jpg?ver=1777911985\"}}]}<\/script>\n<!-- \/ Yoast SEO plugin. -->","yoast_head_json":{"title":"Cuerpo, iluminaci\u00f3n y camino - AlfredoSosa.Art","description":"Cuerpo, iluminaci\u00f3n y camino, instalaci\u00f3n del pintor Alfredo Sosa, exhibida en Puerto Para\u00edso 3 de septiembre del 2025","robots":{"index":"index","follow":"follow","max-snippet":"max-snippet:-1","max-image-preview":"max-image-preview:large","max-video-preview":"max-video-preview:-1"},"canonical":"https:\/\/alfredososa.art\/en\/cuerpo-3\/","og_locale":"en_US","og_type":"article","og_title":"Cuerpo, iluminaci\u00f3n y camino - AlfredoSosa.Art","og_description":"Cuerpo, iluminaci\u00f3n y camino, instalaci\u00f3n del pintor Alfredo Sosa, exhibida en Puerto Para\u00edso 3 de septiembre del 2025","og_url":"https:\/\/alfredososa.art\/en\/cuerpo-3\/","og_site_name":"AlfredoSosa.Art","article_modified_time":"2025-09-03T01:46:46+00:00","og_image":[{"width":1586,"height":1600,"url":"https:\/\/alfredososa.art\/wp-content\/uploads\/2025\/08\/8-Cuerpo-iluminacion-y-camino-instalacion.jpeg","type":"image\/jpeg"}],"twitter_card":"summary_large_image","twitter_misc":{"Est. reading time":"1 minute"},"schema":{"@context":"https:\/\/schema.org","@graph":[{"@type":"WebPage","@id":"https:\/\/alfredososa.art\/cuerpo-3\/","url":"https:\/\/alfredososa.art\/cuerpo-3\/","name":"Cuerpo, iluminaci\u00f3n y camino - AlfredoSosa.Art","isPartOf":{"@id":"https:\/\/alfredososa.art\/#website"},"primaryImageOfPage":{"@id":"https:\/\/alfredososa.art\/cuerpo-3\/#primaryimage"},"image":{"@id":"https:\/\/alfredososa.art\/cuerpo-3\/#primaryimage"},"thumbnailUrl":"https:\/\/alfredososa.art\/wp-content\/uploads\/2025\/08\/8-Cuerpo-iluminacion-y-camino-instalacion.jpeg","datePublished":"2025-09-01T20:46:04+00:00","dateModified":"2025-09-03T01:46:46+00:00","description":"Cuerpo, iluminaci\u00f3n y camino, instalaci\u00f3n del pintor Alfredo Sosa, exhibida en Puerto Para\u00edso 3 de septiembre del 2025","breadcrumb":{"@id":"https:\/\/alfredososa.art\/cuerpo-3\/#breadcrumb"},"inLanguage":"en-US","potentialAction":[{"@type":"ReadAction","target":["https:\/\/alfredososa.art\/cuerpo-3\/"]}]},{"@type":"ImageObject","inLanguage":"en-US","@id":"https:\/\/alfredososa.art\/cuerpo-3\/#primaryimage","url":"https:\/\/alfredososa.art\/wp-content\/uploads\/2025\/08\/8-Cuerpo-iluminacion-y-camino-instalacion.jpeg","contentUrl":"https:\/\/alfredososa.art\/wp-content\/uploads\/2025\/08\/8-Cuerpo-iluminacion-y-camino-instalacion.jpeg"},{"@type":"BreadcrumbList","@id":"https:\/\/alfredososa.art\/cuerpo-3\/#breadcrumb","itemListElement":[{"@type":"ListItem","position":1,"name":"Portada","item":"https:\/\/alfredososa.art\/"},{"@type":"ListItem","position":2,"name":"Cuerpo 3"}]},{"@type":"WebSite","@id":"https:\/\/alfredososa.art\/#website","url":"https:\/\/alfredososa.art\/","name":"AlfresoSosa.Art","description":"Sitio Web del Artista Alfredo Sosa","publisher":{"@id":"https:\/\/alfredososa.art\/#\/schema\/person\/a6f2f945e1a4090770d148bcedf155ac"},"alternateName":"AlfresoSosa.Art","potentialAction":[{"@type":"SearchAction","target":{"@type":"EntryPoint","urlTemplate":"https:\/\/alfredososa.art\/?s={search_term_string}"},"query-input":{"@type":"PropertyValueSpecification","valueRequired":true,"valueName":"search_term_string"}}],"inLanguage":"en-US"},{"@type":["Person","Organization"],"@id":"https:\/\/alfredososa.art\/#\/schema\/person\/a6f2f945e1a4090770d148bcedf155ac","name":"Maestre Maximus","image":{"@type":"ImageObject","inLanguage":"en-US","@id":"https:\/\/alfredososa.art\/wp-content\/litespeed\/avatar\/820b94769887ee38fb6dc2cf583cc674.jpg?ver=1777911985","url":"https:\/\/alfredososa.art\/wp-content\/litespeed\/avatar\/820b94769887ee38fb6dc2cf583cc674.jpg?ver=1777911985","contentUrl":"https:\/\/alfredososa.art\/wp-content\/litespeed\/avatar\/820b94769887ee38fb6dc2cf583cc674.jpg?ver=1777911985","caption":"Maestre Maximus"},"logo":{"@id":"https:\/\/alfredososa.art\/wp-content\/litespeed\/avatar\/820b94769887ee38fb6dc2cf583cc674.jpg?ver=1777911985"}}]}},"_links":{"self":[{"href":"https:\/\/alfredososa.art\/en\/wp-json\/wp\/v2\/pages\/1620","targetHints":{"allow":["GET"]}}],"collection":[{"href":"https:\/\/alfredososa.art\/en\/wp-json\/wp\/v2\/pages"}],"about":[{"href":"https:\/\/alfredososa.art\/en\/wp-json\/wp\/v2\/types\/page"}],"author":[{"embeddable":true,"href":"https:\/\/alfredososa.art\/en\/wp-json\/wp\/v2\/users\/2"}],"replies":[{"embeddable":true,"href":"https:\/\/alfredososa.art\/en\/wp-json\/wp\/v2\/comments?post=1620"}],"version-history":[{"count":9,"href":"https:\/\/alfredososa.art\/en\/wp-json\/wp\/v2\/pages\/1620\/revisions"}],"predecessor-version":[{"id":1792,"href":"https:\/\/alfredososa.art\/en\/wp-json\/wp\/v2\/pages\/1620\/revisions\/1792"}],"wp:attachment":[{"href":"https:\/\/alfredososa.art\/en\/wp-json\/wp\/v2\/media?parent=1620"}],"curies":[{"name":"wp","href":"https:\/\/api.w.org\/{rel}","templated":true}]}}